{"id":20175,"date":"2025-08-11T15:35:23","date_gmt":"2025-08-11T15:35:23","guid":{"rendered":"https:\/\/athilex.com\/kabels\/xvb-cable-dalimentation-1-x-300mm%c2%b2\/"},"modified":"2025-08-11T15:35:23","modified_gmt":"2025-08-11T15:35:23","slug":"xvb-cable-dalimentation-1-x-300mm%c2%b2","status":"publish","type":"product","link":"https:\/\/athilex.com\/fr\/kabels\/xvb-cable-dalimentation-1-x-300mm%c2%b2\/","title":{"rendered":"XVB C\u00e2ble d&rsquo;alimentation 1 x 300mm\u00b2"},"content":{"rendered":"<p>Le <strong> <a href=\"https:\/\/athilex.com\/product-categorie\/energiekabel\/\">c\u00e2ble d&rsquo;alimentation<\/a> XVB 0,6\/1 kV<\/strong> est adapt\u00e9 aux <strong>installations fixes \u00e0 basse tension<\/strong> dans les <strong>environnements r\u00e9sidentiels, tertiaires et industriels<\/strong>. Le c\u00e2ble peut \u00eatre utilis\u00e9 \u00e0 l <strong>&lsquo;int\u00e9rieur et \u00e0 l&rsquo;ext\u00e9rieur<\/strong>, et peut \u00eatre install\u00e9 <strong>dans un conduit, dans une goulotte ou - s&rsquo;il est prot\u00e9g\u00e9 - enterr\u00e9<\/strong>. <\/p>\n<p>Gr\u00e2ce \u00e0 son <strong>conducteur en cuivre<\/strong>, son <strong>isolation XLPE<\/strong> et sa <strong>gaine ext\u00e9rieure en PVC ignifuge<\/strong>, ce c\u00e2ble offre une solution fiable et \u00e9conomique pour les circuits fixes d&rsquo;alimentation et de distribution.<\/p>\n<p><strong>Caract\u00e9ristiques principales<\/strong>:<\/p>\n<ul>\n<li>Conducteur en cuivre\n<ul>\n<li>Classe 1 (solide) jusqu&rsquo;\u00e0 10 mm\u00b2.<\/li>\n<li>Classe 2 (attach\u00e9s l&rsquo;un \u00e0 l&rsquo;autre) \u00e0 partir de 16 mm\u00b2.<\/li>\n<\/ul>\n<\/li>\n<li>Isolation du conducteur XLPE<\/li>\n<li>Gaine ext\u00e9rieure en PVC ignifug\u00e9 (gris)<\/li>\n<li>Tension nominale : <strong>0,6\/1 kV<\/strong><\/li>\n<li>Temp\u00e9rature maximale du conducteur : <strong>90\u00b0C<\/strong><\/li>\n<li>Temp\u00e9rature de fonctionnement : <strong>-20\u00b0C \u00e0 +80\u00b0C<\/strong><\/li>\n<li>Intervention de la RCP en cas d&rsquo;incendie : <strong>Cca-s3,d2,a3<\/strong><\/li>\n<\/ul>\n<p><strong>Options d&rsquo;installation<\/strong>:<\/p>\n<ul>\n<li>Plein air<\/li>\n<li>En tube<\/li>\n<li>Enterrement (si prot\u00e9g\u00e9)<\/li>\n<\/ul>\n<p><strong>Applications typiques<\/strong>:<\/p>\n<ul>\n<li>Installations \u00e9lectriques fixes dans les b\u00e2timents<\/li>\n<li>Projets r\u00e9sidentiels et non r\u00e9sidentiels<\/li>\n<li>Alimentation industrielle et circuits de distribution<\/li>\n<li>Chemins de c\u00e2bles, tuyaux et gaines techniques<\/li>\n<li>Installations o\u00f9 le <strong>c\u00e2blage en PVC<\/strong> est autoris\u00e9<\/li>\n<\/ul>\n","protected":false},"excerpt":{"rendered":"<p>Le c\u00e2ble d&rsquo;alimentation XVB 0,6\/1 kV est adapt\u00e9 aux installations fixes \u00e0 basse tension dans les environnements r\u00e9sidentiels, tertiaires et industriels. Le c\u00e2ble peut \u00eatre utilis\u00e9 \u00e0 l &lsquo;int\u00e9rieur et \u00e0 l&rsquo;ext\u00e9rieur, et peut \u00eatre install\u00e9 dans un conduit, dans une goulotte ou - s&rsquo;il est prot\u00e9g\u00e9 - enterr\u00e9. Gr\u00e2ce \u00e0 son conducteur en cuivre, [&hellip;]<\/p>\n","protected":false},"featured_media":18913,"template":"","meta":{"_acf_changed":false},"product_cat":[3811,3816,3814],"product_tag":[6284,6280,6283],"class_list":{"0":"post-20175","1":"product","2":"type-product","3":"status-publish","4":"has-post-thumbnail","6":"product_cat-cable-denergie","7":"product_cat-cable-denergie-en-cuivre","8":"product_cat-xvb-cable-dalimentation","9":"product_tag-xvb-1-g-300","10":"product_tag-xvb-1g300","11":"product_tag-xvb-1x300","13":"first","14":"instock","15":"shipping-taxable","16":"product-type-simple","swatches":"rey-swatches","show_selected":""},"acf":[],"yoast_head":"<!-- This site is optimized with the Yoast SEO Premium plugin v27.4 (Yoast SEO v27.4) - https:\/\/yoast.com\/product\/yoast-seo-premium-wordpress\/ -->\n<title>XVB C\u00e2ble d&#039;alimentation 1 x 300mm\u00b2 &#8226; Athilex<\/title>\n<meta name=\"description\" content=\"Le c\u00e2ble d&#039;alimentation XVB convient aux installations basse tension et aux montages fixes en int\u00e9rieur et en ext\u00e9rieur, avec des performances fiables et durables.\" \/>\n<meta name=\"robots\" content=\"index, follow, max-snippet:-1, max-image-preview:large, max-video-preview:-1\" \/>\n<link rel=\"canonical\" href=\"https:\/\/athilex.com\/fr\/kabels\/xvb-cable-dalimentation-1-x-300mm%c2%b2\/\" \/>\n<meta property=\"og:locale\" content=\"fr_FR\" \/>\n<meta property=\"og:type\" content=\"article\" \/>\n<meta property=\"og:title\" content=\"XVB C\u00e2ble d&#039;alimentation 1 x 300mm\u00b2\" \/>\n<meta property=\"og:description\" content=\"Le c\u00e2ble d&#039;alimentation XVB convient aux installations basse tension et aux montages fixes en int\u00e9rieur et en ext\u00e9rieur, avec des performances fiables et durables.\" \/>\n<meta property=\"og:url\" content=\"https:\/\/athilex.com\/fr\/kabels\/xvb-cable-dalimentation-1-x-300mm%c2%b2\/\" \/>\n<meta property=\"og:site_name\" content=\"Athilex\" \/>\n<meta property=\"article:publisher\" content=\"https:\/\/www.facebook.com\/profile.php?id=100090067992614\" \/>\n<meta property=\"og:image\" content=\"https:\/\/athilex.com\/wp-content\/uploads\/2025\/08\/XVB-18v1.png\" \/>\n\t<meta property=\"og:image:width\" content=\"800\" \/>\n\t<meta property=\"og:image:height\" content=\"650\" \/>\n\t<meta property=\"og:image:type\" content=\"image\/png\" \/>\n<meta name=\"twitter:card\" content=\"summary_large_image\" \/>\n<meta name=\"twitter:label1\" content=\"Dur\u00e9e de lecture estim\u00e9e\" \/>\n\t<meta name=\"twitter:data1\" content=\"1 minute\" \/>\n<script type=\"application\/ld+json\" class=\"yoast-schema-graph\">{\"@context\":\"https:\\\/\\\/schema.org\",\"@graph\":[{\"@type\":\"WebPage\",\"@id\":\"https:\\\/\\\/athilex.com\\\/fr\\\/kabels\\\/xvb-cable-dalimentation-1-x-300mm%c2%b2\\\/\",\"url\":\"https:\\\/\\\/athilex.com\\\/fr\\\/kabels\\\/xvb-cable-dalimentation-1-x-300mm%c2%b2\\\/\",\"name\":\"XVB C\u00e2ble d'alimentation 1 x 300mm\u00b2 &#8226; Athilex\",\"isPartOf\":{\"@id\":\"https:\\\/\\\/athilex.com\\\/fr\\\/#website\"},\"primaryImageOfPage\":{\"@id\":\"https:\\\/\\\/athilex.com\\\/fr\\\/kabels\\\/xvb-cable-dalimentation-1-x-300mm%c2%b2\\\/#primaryimage\"},\"image\":{\"@id\":\"https:\\\/\\\/athilex.com\\\/fr\\\/kabels\\\/xvb-cable-dalimentation-1-x-300mm%c2%b2\\\/#primaryimage\"},\"thumbnailUrl\":\"https:\\\/\\\/athilex.com\\\/wp-content\\\/uploads\\\/2025\\\/08\\\/XVB-18v1.png\",\"datePublished\":\"2025-08-11T15:35:23+00:00\",\"description\":\"Le c\u00e2ble d'alimentation XVB convient aux installations basse tension et aux montages fixes en int\u00e9rieur et en ext\u00e9rieur, avec des performances fiables et durables.\",\"breadcrumb\":{\"@id\":\"https:\\\/\\\/athilex.com\\\/fr\\\/kabels\\\/xvb-cable-dalimentation-1-x-300mm%c2%b2\\\/#breadcrumb\"},\"inLanguage\":\"fr-FR\",\"potentialAction\":[{\"@type\":\"ReadAction\",\"target\":[\"https:\\\/\\\/athilex.com\\\/fr\\\/kabels\\\/xvb-cable-dalimentation-1-x-300mm%c2%b2\\\/\"]}]},{\"@type\":\"ImageObject\",\"inLanguage\":\"fr-FR\",\"@id\":\"https:\\\/\\\/athilex.com\\\/fr\\\/kabels\\\/xvb-cable-dalimentation-1-x-300mm%c2%b2\\\/#primaryimage\",\"url\":\"https:\\\/\\\/athilex.com\\\/wp-content\\\/uploads\\\/2025\\\/08\\\/XVB-18v1.png\",\"contentUrl\":\"https:\\\/\\\/athilex.com\\\/wp-content\\\/uploads\\\/2025\\\/08\\\/XVB-18v1.png\",\"width\":800,\"height\":650,\"caption\":\"XVB\"},{\"@type\":\"BreadcrumbList\",\"@id\":\"https:\\\/\\\/athilex.com\\\/fr\\\/kabels\\\/xvb-cable-dalimentation-1-x-300mm%c2%b2\\\/#breadcrumb\",\"itemListElement\":[{\"@type\":\"ListItem\",\"position\":1,\"name\":\"Accueil\",\"item\":\"https:\\\/\\\/athilex.com\\\/fr\\\/accueil\\\/\"},{\"@type\":\"ListItem\",\"position\":2,\"name\":\"Produits\",\"item\":\"https:\\\/\\\/athilex.com\\\/fr\\\/shop\\\/\"},{\"@type\":\"ListItem\",\"position\":3,\"name\":\"XVB C\u00e2ble d&#8217;alimentation 1 x 300mm\u00b2\"}]},{\"@type\":\"WebSite\",\"@id\":\"https:\\\/\\\/athilex.com\\\/fr\\\/#website\",\"url\":\"https:\\\/\\\/athilex.com\\\/fr\\\/\",\"name\":\"Athilex\",\"description\":\"International kabel leverancier\",\"publisher\":{\"@id\":\"https:\\\/\\\/athilex.com\\\/fr\\\/#organization\"},\"alternateName\":\"Kabelleverancier\",\"potentialAction\":[{\"@type\":\"SearchAction\",\"target\":{\"@type\":\"EntryPoint\",\"urlTemplate\":\"https:\\\/\\\/athilex.com\\\/fr\\\/?s={search_term_string}\"},\"query-input\":{\"@type\":\"PropertyValueSpecification\",\"valueRequired\":true,\"valueName\":\"search_term_string\"}}],\"inLanguage\":\"fr-FR\"},{\"@type\":\"Organization\",\"@id\":\"https:\\\/\\\/athilex.com\\\/fr\\\/#organization\",\"name\":\"Athilex\",\"alternateName\":\"Athilex\",\"url\":\"https:\\\/\\\/athilex.com\\\/fr\\\/\",\"logo\":{\"@type\":\"ImageObject\",\"inLanguage\":\"fr-FR\",\"@id\":\"https:\\\/\\\/athilex.com\\\/fr\\\/#\\\/schema\\\/logo\\\/image\\\/\",\"url\":\"https:\\\/\\\/athilex.com\\\/wp-content\\\/uploads\\\/2026\\\/03\\\/ATHILEX-LOGO-ZWART-scaled.png\",\"contentUrl\":\"https:\\\/\\\/athilex.com\\\/wp-content\\\/uploads\\\/2026\\\/03\\\/ATHILEX-LOGO-ZWART-scaled.png\",\"width\":2560,\"height\":935,\"caption\":\"Athilex\"},\"image\":{\"@id\":\"https:\\\/\\\/athilex.com\\\/fr\\\/#\\\/schema\\\/logo\\\/image\\\/\"},\"sameAs\":[\"https:\\\/\\\/www.facebook.com\\\/profile.php?id=100090067992614\",\"https:\\\/\\\/www.linkedin.com\\\/company\\\/athilexcables\\\/\",\"https:\\\/\\\/www.instagram.com\\\/athilex_be\\\/\"],\"description\":\"Leverancier van elektrische kabels in Europa voor B2B klanten\",\"email\":\"info@athilex.be\",\"telephone\":\"+3251623101\",\"legalName\":\"Athilex BV\",\"numberOfEmployees\":{\"@type\":\"QuantitativeValue\",\"minValue\":\"11\",\"maxValue\":\"50\"}}]}<\/script>\n<!-- \/ Yoast SEO Premium plugin. -->","yoast_head_json":{"title":"XVB C\u00e2ble d'alimentation 1 x 300mm\u00b2 &#8226; Athilex","description":"Le c\u00e2ble d'alimentation XVB convient aux installations basse tension et aux montages fixes en int\u00e9rieur et en ext\u00e9rieur, avec des performances fiables et durables.","robots":{"index":"index","follow":"follow","max-snippet":"max-snippet:-1","max-image-preview":"max-image-preview:large","max-video-preview":"max-video-preview:-1"},"canonical":"https:\/\/athilex.com\/fr\/kabels\/xvb-cable-dalimentation-1-x-300mm%c2%b2\/","og_locale":"fr_FR","og_type":"article","og_title":"XVB C\u00e2ble d'alimentation 1 x 300mm\u00b2","og_description":"Le c\u00e2ble d'alimentation XVB convient aux installations basse tension et aux montages fixes en int\u00e9rieur et en ext\u00e9rieur, avec des performances fiables et durables.","og_url":"https:\/\/athilex.com\/fr\/kabels\/xvb-cable-dalimentation-1-x-300mm%c2%b2\/","og_site_name":"Athilex","article_publisher":"https:\/\/www.facebook.com\/profile.php?id=100090067992614","og_image":[{"width":800,"height":650,"url":"https:\/\/athilex.com\/wp-content\/uploads\/2025\/08\/XVB-18v1.png","type":"image\/png"}],"twitter_card":"summary_large_image","twitter_misc":{"Dur\u00e9e de lecture estim\u00e9e":"1 minute"},"schema":{"@context":"https:\/\/schema.org","@graph":[{"@type":"WebPage","@id":"https:\/\/athilex.com\/fr\/kabels\/xvb-cable-dalimentation-1-x-300mm%c2%b2\/","url":"https:\/\/athilex.com\/fr\/kabels\/xvb-cable-dalimentation-1-x-300mm%c2%b2\/","name":"XVB C\u00e2ble d'alimentation 1 x 300mm\u00b2 &#8226; Athilex","isPartOf":{"@id":"https:\/\/athilex.com\/fr\/#website"},"primaryImageOfPage":{"@id":"https:\/\/athilex.com\/fr\/kabels\/xvb-cable-dalimentation-1-x-300mm%c2%b2\/#primaryimage"},"image":{"@id":"https:\/\/athilex.com\/fr\/kabels\/xvb-cable-dalimentation-1-x-300mm%c2%b2\/#primaryimage"},"thumbnailUrl":"https:\/\/athilex.com\/wp-content\/uploads\/2025\/08\/XVB-18v1.png","datePublished":"2025-08-11T15:35:23+00:00","description":"Le c\u00e2ble d'alimentation XVB convient aux installations basse tension et aux montages fixes en int\u00e9rieur et en ext\u00e9rieur, avec des performances fiables et durables.","breadcrumb":{"@id":"https:\/\/athilex.com\/fr\/kabels\/xvb-cable-dalimentation-1-x-300mm%c2%b2\/#breadcrumb"},"inLanguage":"fr-FR","potentialAction":[{"@type":"ReadAction","target":["https:\/\/athilex.com\/fr\/kabels\/xvb-cable-dalimentation-1-x-300mm%c2%b2\/"]}]},{"@type":"ImageObject","inLanguage":"fr-FR","@id":"https:\/\/athilex.com\/fr\/kabels\/xvb-cable-dalimentation-1-x-300mm%c2%b2\/#primaryimage","url":"https:\/\/athilex.com\/wp-content\/uploads\/2025\/08\/XVB-18v1.png","contentUrl":"https:\/\/athilex.com\/wp-content\/uploads\/2025\/08\/XVB-18v1.png","width":800,"height":650,"caption":"XVB"},{"@type":"BreadcrumbList","@id":"https:\/\/athilex.com\/fr\/kabels\/xvb-cable-dalimentation-1-x-300mm%c2%b2\/#breadcrumb","itemListElement":[{"@type":"ListItem","position":1,"name":"Accueil","item":"https:\/\/athilex.com\/fr\/accueil\/"},{"@type":"ListItem","position":2,"name":"Produits","item":"https:\/\/athilex.com\/fr\/shop\/"},{"@type":"ListItem","position":3,"name":"XVB C\u00e2ble d&#8217;alimentation 1 x 300mm\u00b2"}]},{"@type":"WebSite","@id":"https:\/\/athilex.com\/fr\/#website","url":"https:\/\/athilex.com\/fr\/","name":"Athilex","description":"International kabel leverancier","publisher":{"@id":"https:\/\/athilex.com\/fr\/#organization"},"alternateName":"Kabelleverancier","potentialAction":[{"@type":"SearchAction","target":{"@type":"EntryPoint","urlTemplate":"https:\/\/athilex.com\/fr\/?s={search_term_string}"},"query-input":{"@type":"PropertyValueSpecification","valueRequired":true,"valueName":"search_term_string"}}],"inLanguage":"fr-FR"},{"@type":"Organization","@id":"https:\/\/athilex.com\/fr\/#organization","name":"Athilex","alternateName":"Athilex","url":"https:\/\/athilex.com\/fr\/","logo":{"@type":"ImageObject","inLanguage":"fr-FR","@id":"https:\/\/athilex.com\/fr\/#\/schema\/logo\/image\/","url":"https:\/\/athilex.com\/wp-content\/uploads\/2026\/03\/ATHILEX-LOGO-ZWART-scaled.png","contentUrl":"https:\/\/athilex.com\/wp-content\/uploads\/2026\/03\/ATHILEX-LOGO-ZWART-scaled.png","width":2560,"height":935,"caption":"Athilex"},"image":{"@id":"https:\/\/athilex.com\/fr\/#\/schema\/logo\/image\/"},"sameAs":["https:\/\/www.facebook.com\/profile.php?id=100090067992614","https:\/\/www.linkedin.com\/company\/athilexcables\/","https:\/\/www.instagram.com\/athilex_be\/"],"description":"Leverancier van elektrische kabels in Europa voor B2B klanten","email":"info@athilex.be","telephone":"+3251623101","legalName":"Athilex BV","numberOfEmployees":{"@type":"QuantitativeValue","minValue":"11","maxValue":"50"}}]}},"_links":{"self":[{"href":"https:\/\/athilex.com\/fr\/wp-json\/wp\/v2\/product\/20175","targetHints":{"allow":["GET"]}}],"collection":[{"href":"https:\/\/athilex.com\/fr\/wp-json\/wp\/v2\/product"}],"about":[{"href":"https:\/\/athilex.com\/fr\/wp-json\/wp\/v2\/types\/product"}],"version-history":[{"count":0,"href":"https:\/\/athilex.com\/fr\/wp-json\/wp\/v2\/product\/20175\/revisions"}],"wp:featuredmedia":[{"embeddable":true,"href":"https:\/\/athilex.com\/fr\/wp-json\/wp\/v2\/media\/18913"}],"wp:attachment":[{"href":"https:\/\/athilex.com\/fr\/wp-json\/wp\/v2\/media?parent=20175"}],"wp:term":[{"taxonomy":"product_cat","embeddable":true,"href":"https:\/\/athilex.com\/fr\/wp-json\/wp\/v2\/product_cat?post=20175"},{"taxonomy":"product_tag","embeddable":true,"href":"https:\/\/athilex.com\/fr\/wp-json\/wp\/v2\/product_tag?post=20175"}],"curies":[{"name":"wp","href":"https:\/\/api.w.org\/{rel}","templated":true}]}}