{"id":19719,"date":"2025-07-25T02:42:18","date_gmt":"2025-07-25T02:42:18","guid":{"rendered":"https:\/\/athilex.com\/kabels\/hslh-jz-lihh-cable-de-commande-3-x-075mm%c2%b2-lszh\/"},"modified":"2026-04-06T12:53:53","modified_gmt":"2026-04-06T12:53:53","slug":"hslh-jz-lihh-cable-de-commande-3-x-075mm%c2%b2-lszh","status":"publish","type":"product","link":"https:\/\/athilex.com\/fr\/kabels\/hslh-jz-lihh-cable-de-commande-3-x-075mm%c2%b2-lszh\/","title":{"rendered":"HSLH-JZ\/LIHH C\u00e2ble de commande 3 x 0,75mm\u00b2 (LSZH)"},"content":{"rendered":"<article class=\"text-token-text-primary w-full focus:outline-none scroll-mt-[calc(var(--header-height)+min(200px,max(70px,20svh)))]\" dir=\"auto\" tabindex=\"-1\" data-turn-id=\"request-WEB:50b21882-0a17-44d3-a016-b989979fc77a-122\" data-testid=\"conversation-turn-246\" data-scroll-anchor=\"true\" data-turn=\"assistant\">\n<div class=\"text-base my-auto mx-auto pb-10 [--thread-content-margin:--spacing(4)] thread-sm:[--thread-content-margin:--spacing(6)] thread-lg:[--thread-content-margin:--spacing(16)] px-(--thread-content-margin)\">\n<div class=\"[--thread-content-max-width:40rem] thread-sm:[--thread-content-max-width:40rem] thread-lg:[--thread-content-max-width:48rem] mx-auto max-w-(--thread-content-max-width) flex-1 group\/turn-messages focus-visible:outline-hidden relative flex w-full min-w-0 flex-col agent-turn\" tabindex=\"-1\">\n<div class=\"flex max-w-full flex-col grow\">\n<div class=\"min-h-8 text-message relative flex w-full flex-col items-end gap-2 text-start break-words whitespace-normal [.text-message+&amp;]:mt-5\" dir=\"auto\" data-message-author-role=\"assistant\" data-message-id=\"9877840b-7e94-479d-8630-4035e33ba19d\" data-message-model-slug=\"gpt-4o\">\n<div class=\"flex w-full flex-col gap-1 empty:hidden first:pt-[3px]\">\n<div class=\"markdown prose dark:prose-invert w-full break-words light markdown-new-styling\">\n<div class=\"markdown prose dark:prose-invert w-full break-words light markdown-new-styling\">\n<p class=\"xmsonormal\">Le <b> <a href=\"https:\/\/athilex.com\/fr\/product-categorie\/control-cable\/\">c\u00e2ble de contr\u00f4le et d&rsquo;instrumentation<\/a> LSZH sans halog\u00e8ne<\/b> <strong>HSLH\/LIHH<\/strong> convient aux <b>applications de mesure, de contr\u00f4le et de surveillance<\/b> dans les <b>zones couvertes int\u00e9rieures<\/b> o\u00f9 la <b>s\u00e9curit\u00e9 des personnes et la protection des installations<\/b> sont importantes. Le c\u00e2ble est utilis\u00e9 dans des environnements <b>soumis \u00e0 des contraintes m\u00e9caniques moyennes<\/b> et o\u00f9 l&rsquo;on recherche un <b>faible d\u00e9gagement de fum\u00e9e et une \u00e9mission limit\u00e9e de gaz corrosifs<\/b>. <\/p>\n<p class=\"xmsonormal\">Gr\u00e2ce \u00e0 ses <b>conducteurs flexibles en cuivre \u00e0 brins fins<\/b>, \u00e0 son <b>isolation HFFR sans halog\u00e8ne et \u00e0 sa gaine ext\u00e9rieure<\/b>, le c\u00e2ble est facile \u00e0 installer dans des <b>voies \u00e9troites et complexes<\/b>, telles que les machines, les armoires de commande et les lignes de production.<\/p>\n<p><strong>Caract\u00e9ristiques principales<\/strong>:<\/p>\n<ul>\n<li>Conducteurs souples en cuivre, <strong>classe 5<\/strong><\/li>\n<li>Isolation du conducteur HFFR sans halog\u00e8ne<\/li>\n<li>Gaine ext\u00e9rieure HFFR sans halog\u00e8ne (gris - RAL 7001)<\/li>\n<li>Tension nominale : <strong>300\/500 V<\/strong><\/li>\n<li>Temp\u00e9rature de fonctionnement :\n<ul>\n<li>Fixe : <strong>-30\u00b0C \u00e0 +70\u00b0C<\/strong><\/li>\n<li>Mobile : <strong>-5\u00b0C \u00e0 +70\u00b0C<\/strong><\/li>\n<\/ul>\n<\/li>\n<li>Retardateur de flammes selon <strong>IEC \/ EN 60332-1-2<\/strong><\/li>\n<li>Faible d\u00e9gagement de fum\u00e9e conform\u00e9ment \u00e0 la norme <strong>IEC \/ EN 61034-2<\/strong><\/li>\n<li>Faible corrosivit\u00e9 des gaz de combustion selon <strong>IEC \/ EN 60754<\/strong><\/li>\n<li>Rayon de courbure minimal : <strong>10x le diam\u00e8tre du c\u00e2ble<\/strong><\/li>\n<\/ul>\n<p><strong>Code couleur des fils<\/strong>:<br \/>\nDans le HSLH, pour les variantes \u00e0 2 conducteurs, les fils sont num\u00e9rot\u00e9s et le conducteur de terre jaune\/vert est absent (version -OZ). A partir de 3 fils, les fils sont num\u00e9rot\u00e9s et un conducteur de terre jaune\/vert est inclus (version -JZ).<br \/>\nDans le cas du LIHH, les fils sont color\u00e9s conform\u00e9ment \u00e0 la norme DIN 47100 et le conducteur de terre jaune\/vert est absent.<\/p>\n<p><strong>Options d&rsquo;installation<\/strong>:<\/p>\n<ul>\n<li>Pour les <strong>installations fixes et l\u00e9g\u00e8rement mobiles<\/strong><\/li>\n<li>Convient pour une utilisation \u00e0 <strong>l&rsquo;int\u00e9rieur<\/strong><\/li>\n<\/ul>\n<p><strong>Applications typiques<\/strong><\/p>\n<ul>\n<li>Technologie de l&rsquo;instrumentation et du contr\u00f4le<\/li>\n<li>Signaux de mesure et de contr\u00f4le<\/li>\n<li>Ing\u00e9nierie m\u00e9canique<\/li>\n<li>Lignes de production et d&rsquo;assemblage<\/li>\n<li>Installations \u00e9nerg\u00e9tiques<\/li>\n<li>B\u00e2timents \u00e0 forte densit\u00e9 de personnel<\/li>\n<\/ul>\n<\/div>\n<\/div>\n<\/div>\n<\/div>\n<\/div>\n<\/div>\n<\/div>\n<\/article>\n","protected":false},"excerpt":{"rendered":"<p>Le c\u00e2ble de contr\u00f4le et d&rsquo;instrumentation LSZH sans halog\u00e8ne HSLH\/LIHH convient aux applications de mesure, de contr\u00f4le et de surveillance dans les zones couvertes int\u00e9rieures o\u00f9 la s\u00e9curit\u00e9 des personnes et la protection des installations sont importantes. Le c\u00e2ble est utilis\u00e9 dans des environnements soumis \u00e0 des contraintes m\u00e9caniques moyennes et o\u00f9 l&rsquo;on recherche un [&hellip;]<\/p>\n","protected":false},"featured_media":19726,"template":"","meta":{"_acf_changed":false},"product_cat":[3827,5091],"product_tag":[5092,5093,13753,5103,5106,5021,5015,5094,5097,5038,3868,3869],"class_list":{"0":"post-19719","1":"product","2":"type-product","3":"status-publish","4":"has-post-thumbnail","6":"product_cat-control-cable","7":"product_cat-hslh-lihh-cable-de-commande-lszh","8":"product_tag-3-g-0-75","9":"product_tag-3g0-75","10":"product_tag-3x0-75","11":"product_tag-cable-de-direction","12":"product_tag-cables-de-direction","13":"product_tag-controle","14":"product_tag-direction","15":"product_tag-hlshjz","16":"product_tag-hslshoz","17":"product_tag-lindustrie","18":"product_tag-ls0h","19":"product_tag-lsoh","21":"first","22":"instock","23":"shipping-taxable","24":"product-type-simple","swatches":"rey-swatches","show_selected":""},"acf":[],"yoast_head":"<!-- This site is optimized with the Yoast SEO Premium plugin v27.3 (Yoast SEO v27.3) - https:\/\/yoast.com\/product\/yoast-seo-premium-wordpress\/ -->\n<title>HSLH-JZ\/LIHH C\u00e2ble de commande 3 x 0,75mm\u00b2 (LSZH) &#8226; Athilex<\/title>\n<meta name=\"description\" content=\"Le c\u00e2ble de contr\u00f4le et d&#039;instrumentation LSZH sans halog\u00e8ne HSLH convient aux applications de mesure, de contr\u00f4le et de surveillance dans les zones couvertes int\u00e9rieures.\" \/>\n<meta name=\"robots\" content=\"index, follow, max-snippet:-1, max-image-preview:large, max-video-preview:-1\" \/>\n<link rel=\"canonical\" href=\"https:\/\/athilex.com\/fr\/kabels\/hslh-jz-lihh-cable-de-commande-3-x-075mm%c2%b2-lszh\/\" \/>\n<meta property=\"og:locale\" content=\"fr_FR\" \/>\n<meta property=\"og:type\" content=\"article\" \/>\n<meta property=\"og:title\" content=\"HSLH-JZ\/LIHH C\u00e2ble de commande 3 x 0,75mm\u00b2 (LSZH)\" \/>\n<meta property=\"og:description\" content=\"Le c\u00e2ble de contr\u00f4le et d&#039;instrumentation LSZH sans halog\u00e8ne HSLH convient aux applications de mesure, de contr\u00f4le et de surveillance dans les zones couvertes int\u00e9rieures.\" \/>\n<meta property=\"og:url\" content=\"https:\/\/athilex.com\/fr\/kabels\/hslh-jz-lihh-cable-de-commande-3-x-075mm%c2%b2-lszh\/\" \/>\n<meta property=\"og:site_name\" content=\"Athilex\" \/>\n<meta property=\"article:publisher\" content=\"https:\/\/www.facebook.com\/profile.php?id=100090067992614\" \/>\n<meta property=\"article:modified_time\" content=\"2026-04-06T12:53:53+00:00\" \/>\n<meta property=\"og:image\" content=\"https:\/\/athilex.com\/wp-content\/uploads\/2026\/01\/HSLH-2v1-2.png\" \/>\n\t<meta property=\"og:image:width\" content=\"800\" \/>\n\t<meta property=\"og:image:height\" content=\"650\" \/>\n\t<meta property=\"og:image:type\" content=\"image\/png\" \/>\n<meta name=\"twitter:card\" content=\"summary_large_image\" \/>\n<meta name=\"twitter:label1\" content=\"Dur\u00e9e de lecture estim\u00e9e\" \/>\n\t<meta name=\"twitter:data1\" content=\"2 minutes\" \/>\n<script type=\"application\/ld+json\" class=\"yoast-schema-graph\">{\"@context\":\"https:\\\/\\\/schema.org\",\"@graph\":[{\"@type\":\"WebPage\",\"@id\":\"https:\\\/\\\/athilex.com\\\/fr\\\/kabels\\\/hslh-jz-lihh-cable-de-commande-3-x-075mm%c2%b2-lszh\\\/\",\"url\":\"https:\\\/\\\/athilex.com\\\/fr\\\/kabels\\\/hslh-jz-lihh-cable-de-commande-3-x-075mm%c2%b2-lszh\\\/\",\"name\":\"HSLH-JZ\\\/LIHH C\u00e2ble de commande 3 x 0,75mm\u00b2 (LSZH) &#8226; Athilex\",\"isPartOf\":{\"@id\":\"https:\\\/\\\/athilex.com\\\/fr\\\/#website\"},\"primaryImageOfPage\":{\"@id\":\"https:\\\/\\\/athilex.com\\\/fr\\\/kabels\\\/hslh-jz-lihh-cable-de-commande-3-x-075mm%c2%b2-lszh\\\/#primaryimage\"},\"image\":{\"@id\":\"https:\\\/\\\/athilex.com\\\/fr\\\/kabels\\\/hslh-jz-lihh-cable-de-commande-3-x-075mm%c2%b2-lszh\\\/#primaryimage\"},\"thumbnailUrl\":\"https:\\\/\\\/athilex.com\\\/wp-content\\\/uploads\\\/2026\\\/01\\\/HSLH-2v1-2.png\",\"datePublished\":\"2025-07-25T02:42:18+00:00\",\"dateModified\":\"2026-04-06T12:53:53+00:00\",\"description\":\"Le c\u00e2ble de contr\u00f4le et d'instrumentation LSZH sans halog\u00e8ne HSLH convient aux applications de mesure, de contr\u00f4le et de surveillance dans les zones couvertes int\u00e9rieures.\",\"breadcrumb\":{\"@id\":\"https:\\\/\\\/athilex.com\\\/fr\\\/kabels\\\/hslh-jz-lihh-cable-de-commande-3-x-075mm%c2%b2-lszh\\\/#breadcrumb\"},\"inLanguage\":\"fr-FR\",\"potentialAction\":[{\"@type\":\"ReadAction\",\"target\":[\"https:\\\/\\\/athilex.com\\\/fr\\\/kabels\\\/hslh-jz-lihh-cable-de-commande-3-x-075mm%c2%b2-lszh\\\/\"]}]},{\"@type\":\"ImageObject\",\"inLanguage\":\"fr-FR\",\"@id\":\"https:\\\/\\\/athilex.com\\\/fr\\\/kabels\\\/hslh-jz-lihh-cable-de-commande-3-x-075mm%c2%b2-lszh\\\/#primaryimage\",\"url\":\"https:\\\/\\\/athilex.com\\\/wp-content\\\/uploads\\\/2026\\\/01\\\/HSLH-2v1-2.png\",\"contentUrl\":\"https:\\\/\\\/athilex.com\\\/wp-content\\\/uploads\\\/2026\\\/01\\\/HSLH-2v1-2.png\",\"width\":800,\"height\":650},{\"@type\":\"BreadcrumbList\",\"@id\":\"https:\\\/\\\/athilex.com\\\/fr\\\/kabels\\\/hslh-jz-lihh-cable-de-commande-3-x-075mm%c2%b2-lszh\\\/#breadcrumb\",\"itemListElement\":[{\"@type\":\"ListItem\",\"position\":1,\"name\":\"Accueil\",\"item\":\"https:\\\/\\\/athilex.com\\\/fr\\\/accueil\\\/\"},{\"@type\":\"ListItem\",\"position\":2,\"name\":\"Produits\",\"item\":\"https:\\\/\\\/athilex.com\\\/fr\\\/shop\\\/\"},{\"@type\":\"ListItem\",\"position\":3,\"name\":\"HSLH-JZ\\\/LIHH C\u00e2ble de commande 3 x 0,75mm\u00b2 (LSZH)\"}]},{\"@type\":\"WebSite\",\"@id\":\"https:\\\/\\\/athilex.com\\\/fr\\\/#website\",\"url\":\"https:\\\/\\\/athilex.com\\\/fr\\\/\",\"name\":\"Athilex\",\"description\":\"International kabel leverancier\",\"publisher\":{\"@id\":\"https:\\\/\\\/athilex.com\\\/fr\\\/#organization\"},\"alternateName\":\"Kabelleverancier\",\"potentialAction\":[{\"@type\":\"SearchAction\",\"target\":{\"@type\":\"EntryPoint\",\"urlTemplate\":\"https:\\\/\\\/athilex.com\\\/fr\\\/?s={search_term_string}\"},\"query-input\":{\"@type\":\"PropertyValueSpecification\",\"valueRequired\":true,\"valueName\":\"search_term_string\"}}],\"inLanguage\":\"fr-FR\"},{\"@type\":\"Organization\",\"@id\":\"https:\\\/\\\/athilex.com\\\/fr\\\/#organization\",\"name\":\"Athilex\",\"alternateName\":\"Athilex\",\"url\":\"https:\\\/\\\/athilex.com\\\/fr\\\/\",\"logo\":{\"@type\":\"ImageObject\",\"inLanguage\":\"fr-FR\",\"@id\":\"https:\\\/\\\/athilex.com\\\/fr\\\/#\\\/schema\\\/logo\\\/image\\\/\",\"url\":\"https:\\\/\\\/athilex.com\\\/wp-content\\\/uploads\\\/2026\\\/03\\\/ATHILEX-LOGO-ZWART-scaled.png\",\"contentUrl\":\"https:\\\/\\\/athilex.com\\\/wp-content\\\/uploads\\\/2026\\\/03\\\/ATHILEX-LOGO-ZWART-scaled.png\",\"width\":2560,\"height\":935,\"caption\":\"Athilex\"},\"image\":{\"@id\":\"https:\\\/\\\/athilex.com\\\/fr\\\/#\\\/schema\\\/logo\\\/image\\\/\"},\"sameAs\":[\"https:\\\/\\\/www.facebook.com\\\/profile.php?id=100090067992614\",\"https:\\\/\\\/www.linkedin.com\\\/company\\\/athilexcables\\\/\",\"https:\\\/\\\/www.instagram.com\\\/athilex_be\\\/\"],\"description\":\"Leverancier van elektrische kabels in Europa voor B2B klanten\",\"email\":\"info@athilex.be\",\"telephone\":\"+3251623101\",\"legalName\":\"Athilex BV\",\"numberOfEmployees\":{\"@type\":\"QuantitativeValue\",\"minValue\":\"11\",\"maxValue\":\"50\"}}]}<\/script>\n<!-- \/ Yoast SEO Premium plugin. -->","yoast_head_json":{"title":"HSLH-JZ\/LIHH C\u00e2ble de commande 3 x 0,75mm\u00b2 (LSZH) &#8226; Athilex","description":"Le c\u00e2ble de contr\u00f4le et d'instrumentation LSZH sans halog\u00e8ne HSLH convient aux applications de mesure, de contr\u00f4le et de surveillance dans les zones couvertes int\u00e9rieures.","robots":{"index":"index","follow":"follow","max-snippet":"max-snippet:-1","max-image-preview":"max-image-preview:large","max-video-preview":"max-video-preview:-1"},"canonical":"https:\/\/athilex.com\/fr\/kabels\/hslh-jz-lihh-cable-de-commande-3-x-075mm%c2%b2-lszh\/","og_locale":"fr_FR","og_type":"article","og_title":"HSLH-JZ\/LIHH C\u00e2ble de commande 3 x 0,75mm\u00b2 (LSZH)","og_description":"Le c\u00e2ble de contr\u00f4le et d'instrumentation LSZH sans halog\u00e8ne HSLH convient aux applications de mesure, de contr\u00f4le et de surveillance dans les zones couvertes int\u00e9rieures.","og_url":"https:\/\/athilex.com\/fr\/kabels\/hslh-jz-lihh-cable-de-commande-3-x-075mm%c2%b2-lszh\/","og_site_name":"Athilex","article_publisher":"https:\/\/www.facebook.com\/profile.php?id=100090067992614","article_modified_time":"2026-04-06T12:53:53+00:00","og_image":[{"width":800,"height":650,"url":"https:\/\/athilex.com\/wp-content\/uploads\/2026\/01\/HSLH-2v1-2.png","type":"image\/png"}],"twitter_card":"summary_large_image","twitter_misc":{"Dur\u00e9e de lecture estim\u00e9e":"2 minutes"},"schema":{"@context":"https:\/\/schema.org","@graph":[{"@type":"WebPage","@id":"https:\/\/athilex.com\/fr\/kabels\/hslh-jz-lihh-cable-de-commande-3-x-075mm%c2%b2-lszh\/","url":"https:\/\/athilex.com\/fr\/kabels\/hslh-jz-lihh-cable-de-commande-3-x-075mm%c2%b2-lszh\/","name":"HSLH-JZ\/LIHH C\u00e2ble de commande 3 x 0,75mm\u00b2 (LSZH) &#8226; Athilex","isPartOf":{"@id":"https:\/\/athilex.com\/fr\/#website"},"primaryImageOfPage":{"@id":"https:\/\/athilex.com\/fr\/kabels\/hslh-jz-lihh-cable-de-commande-3-x-075mm%c2%b2-lszh\/#primaryimage"},"image":{"@id":"https:\/\/athilex.com\/fr\/kabels\/hslh-jz-lihh-cable-de-commande-3-x-075mm%c2%b2-lszh\/#primaryimage"},"thumbnailUrl":"https:\/\/athilex.com\/wp-content\/uploads\/2026\/01\/HSLH-2v1-2.png","datePublished":"2025-07-25T02:42:18+00:00","dateModified":"2026-04-06T12:53:53+00:00","description":"Le c\u00e2ble de contr\u00f4le et d'instrumentation LSZH sans halog\u00e8ne HSLH convient aux applications de mesure, de contr\u00f4le et de surveillance dans les zones couvertes int\u00e9rieures.","breadcrumb":{"@id":"https:\/\/athilex.com\/fr\/kabels\/hslh-jz-lihh-cable-de-commande-3-x-075mm%c2%b2-lszh\/#breadcrumb"},"inLanguage":"fr-FR","potentialAction":[{"@type":"ReadAction","target":["https:\/\/athilex.com\/fr\/kabels\/hslh-jz-lihh-cable-de-commande-3-x-075mm%c2%b2-lszh\/"]}]},{"@type":"ImageObject","inLanguage":"fr-FR","@id":"https:\/\/athilex.com\/fr\/kabels\/hslh-jz-lihh-cable-de-commande-3-x-075mm%c2%b2-lszh\/#primaryimage","url":"https:\/\/athilex.com\/wp-content\/uploads\/2026\/01\/HSLH-2v1-2.png","contentUrl":"https:\/\/athilex.com\/wp-content\/uploads\/2026\/01\/HSLH-2v1-2.png","width":800,"height":650},{"@type":"BreadcrumbList","@id":"https:\/\/athilex.com\/fr\/kabels\/hslh-jz-lihh-cable-de-commande-3-x-075mm%c2%b2-lszh\/#breadcrumb","itemListElement":[{"@type":"ListItem","position":1,"name":"Accueil","item":"https:\/\/athilex.com\/fr\/accueil\/"},{"@type":"ListItem","position":2,"name":"Produits","item":"https:\/\/athilex.com\/fr\/shop\/"},{"@type":"ListItem","position":3,"name":"HSLH-JZ\/LIHH C\u00e2ble de commande 3 x 0,75mm\u00b2 (LSZH)"}]},{"@type":"WebSite","@id":"https:\/\/athilex.com\/fr\/#website","url":"https:\/\/athilex.com\/fr\/","name":"Athilex","description":"International kabel leverancier","publisher":{"@id":"https:\/\/athilex.com\/fr\/#organization"},"alternateName":"Kabelleverancier","potentialAction":[{"@type":"SearchAction","target":{"@type":"EntryPoint","urlTemplate":"https:\/\/athilex.com\/fr\/?s={search_term_string}"},"query-input":{"@type":"PropertyValueSpecification","valueRequired":true,"valueName":"search_term_string"}}],"inLanguage":"fr-FR"},{"@type":"Organization","@id":"https:\/\/athilex.com\/fr\/#organization","name":"Athilex","alternateName":"Athilex","url":"https:\/\/athilex.com\/fr\/","logo":{"@type":"ImageObject","inLanguage":"fr-FR","@id":"https:\/\/athilex.com\/fr\/#\/schema\/logo\/image\/","url":"https:\/\/athilex.com\/wp-content\/uploads\/2026\/03\/ATHILEX-LOGO-ZWART-scaled.png","contentUrl":"https:\/\/athilex.com\/wp-content\/uploads\/2026\/03\/ATHILEX-LOGO-ZWART-scaled.png","width":2560,"height":935,"caption":"Athilex"},"image":{"@id":"https:\/\/athilex.com\/fr\/#\/schema\/logo\/image\/"},"sameAs":["https:\/\/www.facebook.com\/profile.php?id=100090067992614","https:\/\/www.linkedin.com\/company\/athilexcables\/","https:\/\/www.instagram.com\/athilex_be\/"],"description":"Leverancier van elektrische kabels in Europa voor B2B klanten","email":"info@athilex.be","telephone":"+3251623101","legalName":"Athilex BV","numberOfEmployees":{"@type":"QuantitativeValue","minValue":"11","maxValue":"50"}}]}},"_links":{"self":[{"href":"https:\/\/athilex.com\/fr\/wp-json\/wp\/v2\/product\/19719","targetHints":{"allow":["GET"]}}],"collection":[{"href":"https:\/\/athilex.com\/fr\/wp-json\/wp\/v2\/product"}],"about":[{"href":"https:\/\/athilex.com\/fr\/wp-json\/wp\/v2\/types\/product"}],"version-history":[{"count":1,"href":"https:\/\/athilex.com\/fr\/wp-json\/wp\/v2\/product\/19719\/revisions"}],"predecessor-version":[{"id":32656,"href":"https:\/\/athilex.com\/fr\/wp-json\/wp\/v2\/product\/19719\/revisions\/32656"}],"wp:featuredmedia":[{"embeddable":true,"href":"https:\/\/athilex.com\/fr\/wp-json\/wp\/v2\/media\/19726"}],"wp:attachment":[{"href":"https:\/\/athilex.com\/fr\/wp-json\/wp\/v2\/media?parent=19719"}],"wp:term":[{"taxonomy":"product_cat","embeddable":true,"href":"https:\/\/athilex.com\/fr\/wp-json\/wp\/v2\/product_cat?post=19719"},{"taxonomy":"product_tag","embeddable":true,"href":"https:\/\/athilex.com\/fr\/wp-json\/wp\/v2\/product_tag?post=19719"}],"curies":[{"name":"wp","href":"https:\/\/api.w.org\/{rel}","templated":true}]}}