{"id":29064,"date":"2025-10-09T05:36:18","date_gmt":"2025-10-09T05:36:18","guid":{"rendered":"https:\/\/athilex.com\/kabels\/n2xsf2y-6-10kv-mittelspannungskabel-1-x-185mm%c2%b2-rmv-25mm%c2%b2\/"},"modified":"2025-10-09T05:36:18","modified_gmt":"2025-10-09T05:36:18","slug":"n2xsf2y-6-10kv-mittelspannungskabel-1-x-185mm%c2%b2-rmv-25mm%c2%b2","status":"publish","type":"product","link":"https:\/\/athilex.com\/de\/kabels\/n2xsf2y-6-10kv-mittelspannungskabel-1-x-185mm%c2%b2-rmv-25mm%c2%b2\/","title":{"rendered":"N2XS(F)2Y 6\/10kV Mittelspannungskabel 1 x 185mm\u00b2 RMv \/ 25mm\u00b2"},"content":{"rendered":"<p>Dieses <strong>N2XS(F)2Y<\/strong> <strong><a href=\"https:\/\/athilex.com\/product-category\/middenspanningskabel\/\">Mittelspannungskupferleiterkabel<\/a><\/strong> ist f\u00fcr die <strong>feste Stromverteilung<\/strong> in <strong>Industrieanlagen, Verteilernetzen und Infrastrukturprojekten<\/strong> konzipiert. Das Kabel eignet sich f\u00fcr die Verlegung <strong>in der Erde, in Kabelkan\u00e4len, Rohren und im Freien<\/strong> und wird dort eingesetzt, wo <strong>elektrische Zuverl\u00e4ssigkeit und mechanische Best\u00e4ndigkeit <\/strong>erforderlich sind. <\/p>\n<p>Dank der <strong>XLPE-Isolierung<\/strong>, der <strong>metallischen Abschirmung<\/strong> und einer <strong>wasserabweisenden Schicht<\/strong>, die vor dem <strong>Eindringen <\/strong> <strong>von Wasser in L\u00e4ngsrichtung<\/strong> <strong>sch\u00fctzt <\/strong>, bietet dieses Kabel eine stabile und sichere Strom\u00fcbertragung auch unter anspruchsvollen Installations- und Umweltbedingungen.<\/p>\n<p><strong>Installation und Verwendung<\/strong>:<\/p>\n<ul>\n<li>Unterirdische Installation<\/li>\n<li>In Kabelkan\u00e4len und Leerrohren<\/li>\n<li>In R\u00f6hren<\/li>\n<li>Drau\u00dfen<\/li>\n<li>Geeignet f\u00fcr feste Installationen<\/li>\n<\/ul>\n<p><strong>Typische Anwendungen<\/strong>:<\/p>\n<ul>\n<li>Mittelspannungsverteilung<\/li>\n<li>Industrielle Energieversorgung<\/li>\n<li>Elektrizit\u00e4tsnetze und Transformatorverbindungen<\/li>\n<li>Energieinfrastruktur und Versorgungsunternehmen<\/li>\n<li>Leistungsstarke technische Systeme<\/li>\n<\/ul>\n","protected":false},"excerpt":{"rendered":"<p>Dieses N2XS(F)2Y Mittelspannungskupferleiterkabel ist f\u00fcr die feste Stromverteilung in Industrieanlagen, Verteilernetzen und Infrastrukturprojekten konzipiert. Das Kabel eignet sich f\u00fcr die Verlegung in der Erde, in Kabelkan\u00e4len, Rohren und im Freien und wird dort eingesetzt, wo elektrische Zuverl\u00e4ssigkeit und mechanische Best\u00e4ndigkeit erforderlich sind. Dank der XLPE-Isolierung, der metallischen Abschirmung und einer wasserabweisenden Schicht, die vor dem [&hellip;]<\/p>\n","protected":false},"featured_media":25175,"template":"","meta":{"_acf_changed":false},"product_cat":[4124,9840,11399],"product_tag":[4610,4612,10107,4129,4127,6028,6027,4128,6026,6025],"class_list":{"0":"post-29064","1":"product","2":"type-product","3":"status-publish","4":"has-post-thumbnail","6":"product_cat-mittelspannungskabel","7":"product_cat-n2xsf2y","8":"product_cat-n2xsf2y-6-10kv","9":"product_tag-1-g-185","10":"product_tag-1g185","11":"product_tag-6-10","12":"product_tag-kv","13":"product_tag-n2xsf2y","14":"product_tag-n2xsf2y-1-g-185","15":"product_tag-n2xsf2y-1g185","16":"product_tag-na2xsf2y","17":"product_tag-na2xsf2y-1-g-185","18":"product_tag-na2xsf2y-1g185","20":"first","21":"instock","22":"shipping-taxable","23":"product-type-simple","swatches":"rey-swatches","show_selected":""},"acf":[],"yoast_head":"<!-- This site is optimized with the Yoast SEO Premium plugin v27.4 (Yoast SEO v27.4) - https:\/\/yoast.com\/product\/yoast-seo-premium-wordpress\/ -->\n<title>N2XS(F)2Y 6\/10kV Mittelspannungskabel 1 x 185mm\u00b2 RMv \/ 25mm\u00b2 &#8226; Athilex<\/title>\n<meta name=\"description\" content=\"N2XS(F)2Y Mittelspannungskabel, geeignet f\u00fcr Innen- und Au\u00dfeninstallationen, Kabeltrassen und im Erdreich, mit hoher mechanischer Festigkeit und UV-Best\u00e4ndigkeit.\" \/>\n<meta name=\"robots\" content=\"index, follow, max-snippet:-1, max-image-preview:large, max-video-preview:-1\" \/>\n<link rel=\"canonical\" href=\"https:\/\/athilex.com\/de\/kabels\/n2xsf2y-6-10kv-mittelspannungskabel-1-x-185mm%c2%b2-rmv-25mm%c2%b2\/\" \/>\n<meta property=\"og:locale\" content=\"de_DE\" \/>\n<meta property=\"og:type\" content=\"article\" \/>\n<meta property=\"og:title\" content=\"N2XS(F)2Y 6\/10kV Mittelspannungskabel 1 x 185mm\u00b2 RMv \/ 25mm\u00b2\" \/>\n<meta property=\"og:description\" content=\"N2XS(F)2Y Mittelspannungskabel, geeignet f\u00fcr Innen- und Au\u00dfeninstallationen, Kabeltrassen und im Erdreich, mit hoher mechanischer Festigkeit und UV-Best\u00e4ndigkeit.\" \/>\n<meta property=\"og:url\" content=\"https:\/\/athilex.com\/de\/kabels\/n2xsf2y-6-10kv-mittelspannungskabel-1-x-185mm%c2%b2-rmv-25mm%c2%b2\/\" \/>\n<meta property=\"og:site_name\" content=\"Athilex\" \/>\n<meta property=\"article:publisher\" content=\"https:\/\/www.facebook.com\/profile.php?id=100090067992614\" \/>\n<meta property=\"og:image\" content=\"https:\/\/athilex.com\/wp-content\/uploads\/2025\/10\/N2XSF2Y-7v1.png\" \/>\n\t<meta property=\"og:image:width\" content=\"800\" \/>\n\t<meta property=\"og:image:height\" content=\"650\" \/>\n\t<meta property=\"og:image:type\" content=\"image\/png\" \/>\n<meta name=\"twitter:card\" content=\"summary_large_image\" \/>\n<meta name=\"twitter:label1\" content=\"Gesch\u00e4tzte Lesezeit\" \/>\n\t<meta name=\"twitter:data1\" content=\"1\u00a0Minute\" \/>\n<script type=\"application\/ld+json\" class=\"yoast-schema-graph\">{\"@context\":\"https:\\\/\\\/schema.org\",\"@graph\":[{\"@type\":\"WebPage\",\"@id\":\"https:\\\/\\\/athilex.com\\\/de\\\/kabels\\\/n2xsf2y-6-10kv-mittelspannungskabel-1-x-185mm%c2%b2-rmv-25mm%c2%b2\\\/\",\"url\":\"https:\\\/\\\/athilex.com\\\/de\\\/kabels\\\/n2xsf2y-6-10kv-mittelspannungskabel-1-x-185mm%c2%b2-rmv-25mm%c2%b2\\\/\",\"name\":\"N2XS(F)2Y 6\\\/10kV Mittelspannungskabel 1 x 185mm\u00b2 RMv \\\/ 25mm\u00b2 &#8226; Athilex\",\"isPartOf\":{\"@id\":\"https:\\\/\\\/athilex.com\\\/de\\\/#website\"},\"primaryImageOfPage\":{\"@id\":\"https:\\\/\\\/athilex.com\\\/de\\\/kabels\\\/n2xsf2y-6-10kv-mittelspannungskabel-1-x-185mm%c2%b2-rmv-25mm%c2%b2\\\/#primaryimage\"},\"image\":{\"@id\":\"https:\\\/\\\/athilex.com\\\/de\\\/kabels\\\/n2xsf2y-6-10kv-mittelspannungskabel-1-x-185mm%c2%b2-rmv-25mm%c2%b2\\\/#primaryimage\"},\"thumbnailUrl\":\"https:\\\/\\\/athilex.com\\\/wp-content\\\/uploads\\\/2025\\\/10\\\/N2XSF2Y-7v1.png\",\"datePublished\":\"2025-10-09T05:36:18+00:00\",\"description\":\"N2XS(F)2Y Mittelspannungskabel, geeignet f\u00fcr Innen- und Au\u00dfeninstallationen, Kabeltrassen und im Erdreich, mit hoher mechanischer Festigkeit und UV-Best\u00e4ndigkeit.\",\"breadcrumb\":{\"@id\":\"https:\\\/\\\/athilex.com\\\/de\\\/kabels\\\/n2xsf2y-6-10kv-mittelspannungskabel-1-x-185mm%c2%b2-rmv-25mm%c2%b2\\\/#breadcrumb\"},\"inLanguage\":\"de\",\"potentialAction\":[{\"@type\":\"ReadAction\",\"target\":[\"https:\\\/\\\/athilex.com\\\/de\\\/kabels\\\/n2xsf2y-6-10kv-mittelspannungskabel-1-x-185mm%c2%b2-rmv-25mm%c2%b2\\\/\"]}]},{\"@type\":\"ImageObject\",\"inLanguage\":\"de\",\"@id\":\"https:\\\/\\\/athilex.com\\\/de\\\/kabels\\\/n2xsf2y-6-10kv-mittelspannungskabel-1-x-185mm%c2%b2-rmv-25mm%c2%b2\\\/#primaryimage\",\"url\":\"https:\\\/\\\/athilex.com\\\/wp-content\\\/uploads\\\/2025\\\/10\\\/N2XSF2Y-7v1.png\",\"contentUrl\":\"https:\\\/\\\/athilex.com\\\/wp-content\\\/uploads\\\/2025\\\/10\\\/N2XSF2Y-7v1.png\",\"width\":800,\"height\":650,\"caption\":\"N2XS(F)2Y Mittelspannungskabel\"},{\"@type\":\"BreadcrumbList\",\"@id\":\"https:\\\/\\\/athilex.com\\\/de\\\/kabels\\\/n2xsf2y-6-10kv-mittelspannungskabel-1-x-185mm%c2%b2-rmv-25mm%c2%b2\\\/#breadcrumb\",\"itemListElement\":[{\"@type\":\"ListItem\",\"position\":1,\"name\":\"Startseite\",\"item\":\"https:\\\/\\\/athilex.com\\\/de\\\/\"},{\"@type\":\"ListItem\",\"position\":2,\"name\":\"Produkte\",\"item\":\"https:\\\/\\\/athilex.com\\\/de\\\/shop\\\/\"},{\"@type\":\"ListItem\",\"position\":3,\"name\":\"N2XS(F)2Y 6\\\/10kV Mittelspannungskabel 1 x 185mm\u00b2 RMv \\\/ 25mm\u00b2\"}]},{\"@type\":\"WebSite\",\"@id\":\"https:\\\/\\\/athilex.com\\\/de\\\/#website\",\"url\":\"https:\\\/\\\/athilex.com\\\/de\\\/\",\"name\":\"Athilex\",\"description\":\"International kabel leverancier\",\"publisher\":{\"@id\":\"https:\\\/\\\/athilex.com\\\/de\\\/#organization\"},\"alternateName\":\"Kabelleverancier\",\"potentialAction\":[{\"@type\":\"SearchAction\",\"target\":{\"@type\":\"EntryPoint\",\"urlTemplate\":\"https:\\\/\\\/athilex.com\\\/de\\\/?s={search_term_string}\"},\"query-input\":{\"@type\":\"PropertyValueSpecification\",\"valueRequired\":true,\"valueName\":\"search_term_string\"}}],\"inLanguage\":\"de\"},{\"@type\":\"Organization\",\"@id\":\"https:\\\/\\\/athilex.com\\\/de\\\/#organization\",\"name\":\"Athilex\",\"alternateName\":\"Athilex\",\"url\":\"https:\\\/\\\/athilex.com\\\/de\\\/\",\"logo\":{\"@type\":\"ImageObject\",\"inLanguage\":\"de\",\"@id\":\"https:\\\/\\\/athilex.com\\\/de\\\/#\\\/schema\\\/logo\\\/image\\\/\",\"url\":\"https:\\\/\\\/athilex.com\\\/wp-content\\\/uploads\\\/2026\\\/03\\\/ATHILEX-LOGO-ZWART-scaled.png\",\"contentUrl\":\"https:\\\/\\\/athilex.com\\\/wp-content\\\/uploads\\\/2026\\\/03\\\/ATHILEX-LOGO-ZWART-scaled.png\",\"width\":2560,\"height\":935,\"caption\":\"Athilex\"},\"image\":{\"@id\":\"https:\\\/\\\/athilex.com\\\/de\\\/#\\\/schema\\\/logo\\\/image\\\/\"},\"sameAs\":[\"https:\\\/\\\/www.facebook.com\\\/profile.php?id=100090067992614\",\"https:\\\/\\\/www.linkedin.com\\\/company\\\/athilexcables\\\/\",\"https:\\\/\\\/www.instagram.com\\\/athilex_be\\\/\"],\"description\":\"Leverancier van elektrische kabels in Europa voor B2B klanten\",\"email\":\"info@athilex.be\",\"telephone\":\"+3251623101\",\"legalName\":\"Athilex BV\",\"numberOfEmployees\":{\"@type\":\"QuantitativeValue\",\"minValue\":\"11\",\"maxValue\":\"50\"}}]}<\/script>\n<!-- \/ Yoast SEO Premium plugin. -->","yoast_head_json":{"title":"N2XS(F)2Y 6\/10kV Mittelspannungskabel 1 x 185mm\u00b2 RMv \/ 25mm\u00b2 &#8226; Athilex","description":"N2XS(F)2Y Mittelspannungskabel, geeignet f\u00fcr Innen- und Au\u00dfeninstallationen, Kabeltrassen und im Erdreich, mit hoher mechanischer Festigkeit und UV-Best\u00e4ndigkeit.","robots":{"index":"index","follow":"follow","max-snippet":"max-snippet:-1","max-image-preview":"max-image-preview:large","max-video-preview":"max-video-preview:-1"},"canonical":"https:\/\/athilex.com\/de\/kabels\/n2xsf2y-6-10kv-mittelspannungskabel-1-x-185mm%c2%b2-rmv-25mm%c2%b2\/","og_locale":"de_DE","og_type":"article","og_title":"N2XS(F)2Y 6\/10kV Mittelspannungskabel 1 x 185mm\u00b2 RMv \/ 25mm\u00b2","og_description":"N2XS(F)2Y Mittelspannungskabel, geeignet f\u00fcr Innen- und Au\u00dfeninstallationen, Kabeltrassen und im Erdreich, mit hoher mechanischer Festigkeit und UV-Best\u00e4ndigkeit.","og_url":"https:\/\/athilex.com\/de\/kabels\/n2xsf2y-6-10kv-mittelspannungskabel-1-x-185mm%c2%b2-rmv-25mm%c2%b2\/","og_site_name":"Athilex","article_publisher":"https:\/\/www.facebook.com\/profile.php?id=100090067992614","og_image":[{"width":800,"height":650,"url":"https:\/\/athilex.com\/wp-content\/uploads\/2025\/10\/N2XSF2Y-7v1.png","type":"image\/png"}],"twitter_card":"summary_large_image","twitter_misc":{"Gesch\u00e4tzte Lesezeit":"1\u00a0Minute"},"schema":{"@context":"https:\/\/schema.org","@graph":[{"@type":"WebPage","@id":"https:\/\/athilex.com\/de\/kabels\/n2xsf2y-6-10kv-mittelspannungskabel-1-x-185mm%c2%b2-rmv-25mm%c2%b2\/","url":"https:\/\/athilex.com\/de\/kabels\/n2xsf2y-6-10kv-mittelspannungskabel-1-x-185mm%c2%b2-rmv-25mm%c2%b2\/","name":"N2XS(F)2Y 6\/10kV Mittelspannungskabel 1 x 185mm\u00b2 RMv \/ 25mm\u00b2 &#8226; Athilex","isPartOf":{"@id":"https:\/\/athilex.com\/de\/#website"},"primaryImageOfPage":{"@id":"https:\/\/athilex.com\/de\/kabels\/n2xsf2y-6-10kv-mittelspannungskabel-1-x-185mm%c2%b2-rmv-25mm%c2%b2\/#primaryimage"},"image":{"@id":"https:\/\/athilex.com\/de\/kabels\/n2xsf2y-6-10kv-mittelspannungskabel-1-x-185mm%c2%b2-rmv-25mm%c2%b2\/#primaryimage"},"thumbnailUrl":"https:\/\/athilex.com\/wp-content\/uploads\/2025\/10\/N2XSF2Y-7v1.png","datePublished":"2025-10-09T05:36:18+00:00","description":"N2XS(F)2Y Mittelspannungskabel, geeignet f\u00fcr Innen- und Au\u00dfeninstallationen, Kabeltrassen und im Erdreich, mit hoher mechanischer Festigkeit und UV-Best\u00e4ndigkeit.","breadcrumb":{"@id":"https:\/\/athilex.com\/de\/kabels\/n2xsf2y-6-10kv-mittelspannungskabel-1-x-185mm%c2%b2-rmv-25mm%c2%b2\/#breadcrumb"},"inLanguage":"de","potentialAction":[{"@type":"ReadAction","target":["https:\/\/athilex.com\/de\/kabels\/n2xsf2y-6-10kv-mittelspannungskabel-1-x-185mm%c2%b2-rmv-25mm%c2%b2\/"]}]},{"@type":"ImageObject","inLanguage":"de","@id":"https:\/\/athilex.com\/de\/kabels\/n2xsf2y-6-10kv-mittelspannungskabel-1-x-185mm%c2%b2-rmv-25mm%c2%b2\/#primaryimage","url":"https:\/\/athilex.com\/wp-content\/uploads\/2025\/10\/N2XSF2Y-7v1.png","contentUrl":"https:\/\/athilex.com\/wp-content\/uploads\/2025\/10\/N2XSF2Y-7v1.png","width":800,"height":650,"caption":"N2XS(F)2Y Mittelspannungskabel"},{"@type":"BreadcrumbList","@id":"https:\/\/athilex.com\/de\/kabels\/n2xsf2y-6-10kv-mittelspannungskabel-1-x-185mm%c2%b2-rmv-25mm%c2%b2\/#breadcrumb","itemListElement":[{"@type":"ListItem","position":1,"name":"Startseite","item":"https:\/\/athilex.com\/de\/"},{"@type":"ListItem","position":2,"name":"Produkte","item":"https:\/\/athilex.com\/de\/shop\/"},{"@type":"ListItem","position":3,"name":"N2XS(F)2Y 6\/10kV Mittelspannungskabel 1 x 185mm\u00b2 RMv \/ 25mm\u00b2"}]},{"@type":"WebSite","@id":"https:\/\/athilex.com\/de\/#website","url":"https:\/\/athilex.com\/de\/","name":"Athilex","description":"International kabel leverancier","publisher":{"@id":"https:\/\/athilex.com\/de\/#organization"},"alternateName":"Kabelleverancier","potentialAction":[{"@type":"SearchAction","target":{"@type":"EntryPoint","urlTemplate":"https:\/\/athilex.com\/de\/?s={search_term_string}"},"query-input":{"@type":"PropertyValueSpecification","valueRequired":true,"valueName":"search_term_string"}}],"inLanguage":"de"},{"@type":"Organization","@id":"https:\/\/athilex.com\/de\/#organization","name":"Athilex","alternateName":"Athilex","url":"https:\/\/athilex.com\/de\/","logo":{"@type":"ImageObject","inLanguage":"de","@id":"https:\/\/athilex.com\/de\/#\/schema\/logo\/image\/","url":"https:\/\/athilex.com\/wp-content\/uploads\/2026\/03\/ATHILEX-LOGO-ZWART-scaled.png","contentUrl":"https:\/\/athilex.com\/wp-content\/uploads\/2026\/03\/ATHILEX-LOGO-ZWART-scaled.png","width":2560,"height":935,"caption":"Athilex"},"image":{"@id":"https:\/\/athilex.com\/de\/#\/schema\/logo\/image\/"},"sameAs":["https:\/\/www.facebook.com\/profile.php?id=100090067992614","https:\/\/www.linkedin.com\/company\/athilexcables\/","https:\/\/www.instagram.com\/athilex_be\/"],"description":"Leverancier van elektrische kabels in Europa voor B2B klanten","email":"info@athilex.be","telephone":"+3251623101","legalName":"Athilex BV","numberOfEmployees":{"@type":"QuantitativeValue","minValue":"11","maxValue":"50"}}]}},"_links":{"self":[{"href":"https:\/\/athilex.com\/de\/wp-json\/wp\/v2\/product\/29064","targetHints":{"allow":["GET"]}}],"collection":[{"href":"https:\/\/athilex.com\/de\/wp-json\/wp\/v2\/product"}],"about":[{"href":"https:\/\/athilex.com\/de\/wp-json\/wp\/v2\/types\/product"}],"version-history":[{"count":0,"href":"https:\/\/athilex.com\/de\/wp-json\/wp\/v2\/product\/29064\/revisions"}],"wp:featuredmedia":[{"embeddable":true,"href":"https:\/\/athilex.com\/de\/wp-json\/wp\/v2\/media\/25175"}],"wp:attachment":[{"href":"https:\/\/athilex.com\/de\/wp-json\/wp\/v2\/media?parent=29064"}],"wp:term":[{"taxonomy":"product_cat","embeddable":true,"href":"https:\/\/athilex.com\/de\/wp-json\/wp\/v2\/product_cat?post=29064"},{"taxonomy":"product_tag","embeddable":true,"href":"https:\/\/athilex.com\/de\/wp-json\/wp\/v2\/product_tag?post=29064"}],"curies":[{"name":"wp","href":"https:\/\/api.w.org\/{rel}","templated":true}]}}